{"id":92,"date":"2024-01-31T22:32:38","date_gmt":"2024-01-31T22:32:38","guid":{"rendered":"https:\/\/www.progep.ufpb.br\/pgd2\/?page_id=92"},"modified":"2026-02-05T10:52:09","modified_gmt":"2026-02-05T13:52:09","slug":"legislacao-2","status":"publish","type":"page","link":"https:\/\/www.progep.ufpb.br\/pgd\/legislacao-2\/","title":{"rendered":"Legisla\u00e7\u00e3o"},"content":{"rendered":"\n<ul class=\"wp-block-list\">\n<li><a href=\"http:\/\/www.progep.ufpb.br\/pgd\/wp-content\/uploads\/sites\/142\/sites\/143\/2025\/02\/Portaria-GR-144-2024-alterada-pela-Portaria-28-2025.pdf\" data-type=\"link\" data-id=\"http:\/\/www.progep.ufpb.br\/pgd\/wp-content\/uploads\/sites\/142\/sites\/143\/2025\/02\/Portaria-GR-144-2024-alterada-pela-Portaria-28-2025.pdf\" target=\"_blank\" rel=\"noreferrer noopener\">Portaria GR 144-2024 alterada pela Portaria 28-2025<\/a> Vers\u00e3o compilada. Institui, no \u00e2mbito Universidade Federal da Para\u00edba, o Programa de Gest\u00e3o e Desempenho (PGD) para o exerc\u00edcio de atividades que ser\u00e3o avaliadas em fun\u00e7\u00e3o da efetividade e da qualidade das entregas.<\/li>\n\n\n\n<li><strong><a href=\"http:\/\/www.progep.ufpb.br\/pgd\/wp-content\/uploads\/sites\/142\/sites\/143\/2025\/04\/Portaria-DGDUFPB-no-30-2025-Alterada-pela-63-2025-Compilada.pdf\" target=\"_blank\" rel=\"noreferrer noopener\">Portaria DGD\/UFPB n\u00ba 30, de 4 de fevereiro de 2025<\/a><\/strong> Vers\u00e3o Compilada. Institui normas complementares, estabelece prazos e procedimentos operacionais para o Programa de Gest\u00e3o e Desempenho (PGD) da Universidade Federal da Para\u00edba \u2013 UFPB.<\/li>\n\n\n\n<li><strong><a href=\"https:\/\/www.gov.br\/servidor\/pt-br\/assuntos\/programa-de-gestao\/nova-in-2023\/legislacao\/in-24-ajustada.pdf\/view\" target=\"_blank\" rel=\"noreferrer noopener\">INSTRU\u00c7\u00c3O NORMATIVA CONJUNTA SEGES-SGPRT \/MGI N\u00ba 24, DE 28 DE JULHO DE 2023<\/a><\/strong> &#8211; Vers\u00e3o Consolidada. Estabelece orienta\u00e7\u00f5es relativas \u00e0 implementa\u00e7\u00e3o e execu\u00e7\u00e3o do PGD como mecanismo de gest\u00e3o por resultados, com foco na vincula\u00e7\u00e3o entre o trabalho dos participantes, as entregas das unidades e as estrat\u00e9gias organizacionais.<\/li>\n\n\n\n<li><a href=\"https:\/\/www.in.gov.br\/en\/web\/dou\/-\/instrucao-normativa-conjunta-sgp-srt-seges\/mgi-n-52-533454345\" target=\"_blank\" rel=\"noreferrer noopener\"><strong>INSTRU\u00c7\u00c3O NORMATIVA CONJUNTA SGP-SRT-SEGES\/MGI N\u00ba 52, DE 21 DE DEZEMBRO DE 2023<\/strong><\/a> &#8211; Estabelece orienta\u00e7\u00f5es a serem observadas pelos \u00f3rg\u00e3os e entidades integrantes do Sistema de Pessoal Civil da Administra\u00e7\u00e3o Federal &#8211; Sipec e do Sistema de Organiza\u00e7\u00e3o e Inova\u00e7\u00e3o Institucional do Governo Federal &#8211; Siorg, relativas \u00e0s regras de gest\u00e3o de pessoas no \u00e2mbito do Programa de Gest\u00e3o e Desempenho &#8211; PGD<\/li>\n<\/ul>\n\n\n\n<p>|<\/p>\n\n\n\n<p><strong>Hist\u00f3rico de Normas<\/strong><\/p>\n\n\n\n<ul class=\"wp-block-list\">\n<li><strong><a href=\"https:\/\/boletim.sigepe.gov.br\/publicacao\/detalhar\/343751\" data-type=\"link\" data-id=\"https:\/\/boletim.sigepe.gov.br\/publicacao\/detalhar\/326461\" target=\"_blank\" rel=\"noreferrer noopener\">Portaria DGD\/UFPB n\u00ba 63, de 16 de abril de 2025<\/a><\/strong> Altera a Portaria DGD\/UFPB n\u00ba 30, de 4 de fevereiro de 2025, que institui normas complementares, estabelece prazos e procedimentos operacionais para o Programa de Gest\u00e3o e Desempenho (PGD) da Universidade Federal da Para\u00edba \u2013 UFPB.<\/li>\n\n\n\n<li><strong><a href=\"https:\/\/boletim.sigepe.gov.br\/publicacao\/detalhar\/326461\" data-type=\"link\" data-id=\"https:\/\/boletim.sigepe.gov.br\/publicacao\/detalhar\/326461\" target=\"_blank\" rel=\"noreferrer noopener\">Portaria DGD\/UFPB n\u00ba 30, de 4 de fevereiro de 2025<\/a><\/strong> Institui normas complementares, estabelece prazos e procedimentos operacionais para o Programa de Gest\u00e3o e Desempenho (PGD) da Universidade Federal da Para\u00edba \u2013 UFPB.<\/li>\n\n\n\n<li><strong><a href=\"https:\/\/www.in.gov.br\/en\/web\/dou\/-\/instrucao-normativa-conjunta-seges-sgp-srt\/mgi-n-21-de-16-de-julho-de-2024-572617003\" target=\"_blank\" rel=\"noreferrer noopener\">INSTRU\u00c7\u00c3O NORMATIVA CONJUNTA SEGES-SGP-SRT\/MGI N\u00ba 21, DE 16 DE JULHO DE 2024<\/a><\/strong> &#8211; Altera a Instru\u00e7\u00e3o Normativa Conjunta SEGES-SGPRT\/MGI n\u00ba 24, de 28 de julho de 2023, que estabelece orienta\u00e7\u00f5es a serem observadas pelos \u00f3rg\u00e3os e entidades integrantes do Sistema de Pessoal Civil da Administra\u00e7\u00e3o Federal &#8211; Sipec e do Sistema de Organiza\u00e7\u00e3o e Inova\u00e7\u00e3o Institucional do Governo Federal &#8211; Siorg, relativas \u00e0 implementa\u00e7\u00e3o e execu\u00e7\u00e3o do Programa de Gest\u00e3o e Desempenho &#8211; PGD.<\/li>\n\n\n\n<li><a href=\"https:\/\/boletim.sigepe.gov.br\/publicacao\/detalhar\/304449\">Portaria GR\/UFPB n\u00ba 143, de 21 de outubro de 2024<\/a> &#8211; Autoriza a institui\u00e7\u00e3o do Programa de Gest\u00e3o e Desempenho (PGD) na Universidade Federal da Para\u00edba.<\/li>\n\n\n\n<li><a href=\"https:\/\/boletim.sigepe.gov.br\/publicacao\/detalhar\/304469\" target=\"_blank\" rel=\"noreferrer noopener\"><strong><strong>Portaria GR\/UFPB n\u00ba 144, de 21 de outubro de 2024<\/strong><\/strong><\/a> &#8211; Institui, no \u00e2mbito Universidade Federal da Para\u00edba, o Programa de Gest\u00e3o e Desempenho (PGD) para o exerc\u00edcio de atividades que ser\u00e3o avaliadas em fun\u00e7\u00e3o da efetividade e da qualidade das entregas.<\/li>\n\n\n\n<li><a href=\"https:\/\/boletim.sigepe.gov.br\/publicacao\/detalhar\/326242\" target=\"_blank\" rel=\"noreferrer noopener\"><strong><strong><strong>Portaria SEGAB\/UFPB n\u00ba 28, de 4 de fevereiro de 2025<\/strong><\/strong><\/strong><\/a> &#8211; Altera a Portaria GR\/UFPB n\u00ba 144, de 21 de outubro de 2024, que institui, no \u00e2mbito da Universidade Federal da Para\u00edba, o Programa de Gest\u00e3o e Desempenho (PGD) para o exerc\u00edcio de atividades que ser\u00e3o avaliadas em fun\u00e7\u00e3o da efetividade e da qualidade das entregas.<\/li>\n\n\n\n<li><a href=\"https:\/\/drive.google.com\/file\/d\/1llPV9gwheKkIP3V-SLaG5iAQ2lYAClML\/view?usp=sharing\" target=\"_blank\" rel=\"noreferrer noopener\"><strong>PORTARIA GR\/UFPB N\u00ba 150, DE 30 DE NOVEMBRO DE 2023<\/strong><\/a> &#8211; Designa servidores da UFPB para comporem a Comiss\u00e3o do Programa de Gest\u00e3o e Desempenho &#8211; PGD da UFPB.<\/li>\n\n\n\n<li><strong><a href=\"https:\/\/www.in.gov.br\/en\/web\/dou\/-\/instrucao-normativa-conjunta-seges-sgprt-\/mgi-n-24-de-28-de-julho-de-2023-499593248\" target=\"_blank\" rel=\"noreferrer noopener\">INSTRU\u00c7\u00c3O NORMATIVA CONJUNTA SEGES-SGPRT \/MGI N\u00ba 24, DE 28 DE JULHO DE 2023<\/a><\/strong> &#8211; Estabelece orienta\u00e7\u00f5es relativas \u00e0 implementa\u00e7\u00e3o e execu\u00e7\u00e3o do PGD como mecanismo de gest\u00e3o por resultados, com foco na vincula\u00e7\u00e3o entre o trabalho dos participantes, as entregas das unidades e as estrat\u00e9gias organizacionais.<\/li>\n\n\n\n<li><strong><a href=\"https:\/\/www.in.gov.br\/en\/web\/dou\/-\/instrucao-normativa-sgp-seges-\/me-n-2-de-10-de-janeiro-de-2023-457679698\" target=\"_blank\" rel=\"noreferrer noopener\">INSTRU\u00c7\u00c3O NORMATIVA SGP-SEGES \/ME N\u00ba 2, DE 10 DE JANEIRO DE 2023<\/a><\/strong> &#8211; Estabelece novas<strong> <\/strong>orienta\u00e7\u00f5es, crit\u00e9rios e procedimentos para o PGD. Tem como principal objetivo incentivar a gest\u00e3o por resultados em toda a administra\u00e7\u00e3o p\u00fablica federal (revoga a 89\/2022).<\/li>\n\n\n\n<li><strong><a href=\"https:\/\/www.in.gov.br\/en\/web\/dou\/-\/instrucao-normativa-sgp-seges\/sedgg\/me-n-89-de-13-de-dezembro-de-2022-451152923\" target=\"_blank\" rel=\"noreferrer noopener\">INSTRU\u00c7\u00c3O NORMATIVA SGP-SEGES\/SEDGG\/ME N\u00ba 89, DE 13 DE DEZEMBRO DE 2022<\/a><\/strong> &#8211; Estabelece orienta\u00e7\u00f5es a serem observadas pelos \u00f3rg\u00e3os e entidades integrantes do Sipec e do Siorg, relativas \u00e0 implementa\u00e7\u00e3o e execu\u00e7\u00e3o do PGD <strong>(Revogada)<\/strong>.<\/li>\n\n\n\n<li><strong><a href=\"https:\/\/www.in.gov.br\/en\/web\/dou\/-\/decreto-n-11.072-de-17-de-maio-de-2022-401056788\" target=\"_blank\" rel=\"noreferrer noopener\">DECRETO N\u00ba 11.072, DE 17 DE MAIO DE 2022<\/a><\/strong> &#8211; Disp\u00f5e sobre o Programa de Gest\u00e3o e Desempenho &#8211; PGD da administra\u00e7\u00e3o p\u00fablica federal direta, aut\u00e1rquica e fundacional.<\/li>\n\n\n\n<li><strong><a href=\"https:\/\/www.in.gov.br\/en\/web\/dou\/-\/portaria-n-267-de-30-de-abril-de-2021-317433867\" target=\"_blank\" rel=\"noreferrer noopener\">PORTARIA N\u00ba 267, DE 30 DE ABRIL DE 2021<\/a><\/strong> &#8211; Autoriza a implementa\u00e7\u00e3o do programa de gest\u00e3o pelas unidades do Minist\u00e9rio da Educa\u00e7\u00e3o &#8211; MEC e de suas entidades vinculadas.<\/li>\n\n\n\n<li><strong><a href=\"https:\/\/www.in.gov.br\/en\/web\/dou\/-\/instrucao-normativa-n-65-de-30-de-julho-de-2020-269669395\" target=\"_blank\" rel=\"noreferrer noopener\">INSTRU\u00c7\u00c3O NORMATIVA N\u00ba 65, DE 30 DE JULHO DE 2020<\/a><\/strong> &#8211; Estabelece orienta\u00e7\u00f5es, crit\u00e9rios e procedimentos gerais a serem observados pelos \u00f3rg\u00e3os e entidades integrantes do SIPEC relativos \u00e0 implementa\u00e7\u00e3o de Programa de Gest\u00e3o <strong>(Revogada)<\/strong>.<\/li>\n\n\n\n<li><strong><a href=\"https:\/\/www.in.gov.br\/materia\/-\/asset_publisher\/Kujrw0TZC2Mb\/content\/id\/40731752\/do1-2018-09-13-instrucao-normativa-n-2-de-12-de-setembro-de-2018-40731584\" target=\"_blank\" rel=\"noreferrer noopener\">INSTRU\u00c7\u00c3O NORMATIVA N\u00ba 2, DE 12 DE SETEMBRO DE 2018<\/a><\/strong> &#8211; Estabelece orienta\u00e7\u00e3o, crit\u00e9rios e procedimentos gerais a serem observados pelos \u00f3rg\u00e3os e entidades integrantes do SIPEC, quanto \u00e0 jornada de trabalho.<\/li>\n<\/ul>\n","protected":false},"excerpt":{"rendered":"<p>| Hist\u00f3rico de Normas<\/p>\n","protected":false},"author":63,"featured_media":145,"parent":0,"menu_order":0,"comment_status":"closed","ping_status":"closed","template":"","meta":{"footnotes":""},"class_list":["post-92","page","type-page","status-publish","has-post-thumbnail","hentry"],"_links":{"self":[{"href":"https:\/\/www.progep.ufpb.br\/pgd\/wp-json\/wp\/v2\/pages\/92","targetHints":{"allow":["GET"]}}],"collection":[{"href":"https:\/\/www.progep.ufpb.br\/pgd\/wp-json\/wp\/v2\/pages"}],"about":[{"href":"https:\/\/www.progep.ufpb.br\/pgd\/wp-json\/wp\/v2\/types\/page"}],"author":[{"embeddable":true,"href":"https:\/\/www.progep.ufpb.br\/pgd\/wp-json\/wp\/v2\/users\/63"}],"replies":[{"embeddable":true,"href":"https:\/\/www.progep.ufpb.br\/pgd\/wp-json\/wp\/v2\/comments?post=92"}],"version-history":[{"count":22,"href":"https:\/\/www.progep.ufpb.br\/pgd\/wp-json\/wp\/v2\/pages\/92\/revisions"}],"predecessor-version":[{"id":766,"href":"https:\/\/www.progep.ufpb.br\/pgd\/wp-json\/wp\/v2\/pages\/92\/revisions\/766"}],"wp:featuredmedia":[{"embeddable":true,"href":"https:\/\/www.progep.ufpb.br\/pgd\/wp-json\/wp\/v2\/media\/145"}],"wp:attachment":[{"href":"https:\/\/www.progep.ufpb.br\/pgd\/wp-json\/wp\/v2\/media?parent=92"}],"curies":[{"name":"wp","href":"https:\/\/api.w.org\/{rel}","templated":true}]}}