{"id":546,"date":"2025-01-23T11:52:03","date_gmt":"2025-01-23T14:52:03","guid":{"rendered":"https:\/\/www.progep.ufpb.br\/pgd\/?page_id=546"},"modified":"2025-02-07T18:42:50","modified_gmt":"2025-02-07T21:42:50","slug":"links-uteis","status":"publish","type":"page","link":"https:\/\/www.progep.ufpb.br\/pgd\/apresentacao-pgd\/links-uteis\/","title":{"rendered":"Links \u00fateis"},"content":{"rendered":"\n<p><a href=\"https:\/\/polare.ufpb.br\/polare\/login\" target=\"_blank\" rel=\"noreferrer noopener\">Polare<\/a><\/p>\n\n\n\n<p><a href=\"https:\/\/www.progesp.ufrn.br\/storage\/documentos\/Q0LI0tDbiLDtOVBEVJESgcMHc1F4njOH8kSdgOm0.pdf\" target=\"_blank\" rel=\"noreferrer noopener\">Manual Polare<\/a><\/p>\n\n\n\n<p><a href=\"https:\/\/www.progep.ufpb.br\/pgd\/relatorio-de-avaliacao-do-projeto-piloto-do-pgd-ufpb\/\" target=\"_blank\" rel=\"noreferrer noopener\">Relat\u00f3rio de Avalia\u00e7\u00e3o do Projeto Piloto do PGD-UFPB<\/a><\/p>\n\n\n\n<p><a href=\"https:\/\/www.gov.br\/servidor\/pt-br\/assuntos\/programa-de-gestao\" target=\"_blank\" rel=\"noreferrer noopener\">Programa de Gest\u00e3o e Desempenho &#8211; MGI<\/a><\/p>\n\n\n\n<p><a href=\"https:\/\/www.gov.br\/servidor\/pt-br\/assuntos\/programa-de-gestao\/painelimplementacaopgd\" target=\"_blank\" rel=\"noreferrer noopener\">Painel de implementa\u00e7\u00e3o do PGD &#8211; MGI<\/a><\/p>\n\n\n\n<p><a href=\"https:\/\/www.gov.br\/servidor\/pt-br\/assuntos\/programa-de-gestao\/nova-in-2023\/comite-executivo-do-pgd\" target=\"_blank\" rel=\"noreferrer noopener\">Comit\u00ea Executivo do PGD<\/a><\/p>\n\n\n\n<p><\/p>\n","protected":false},"excerpt":{"rendered":"<p>Polare Manual Polare Relat\u00f3rio de Avalia\u00e7\u00e3o do Projeto Piloto do PGD-UFPB Programa de Gest\u00e3o e Desempenho &#8211; MGI Painel de implementa\u00e7\u00e3o do PGD &#8211; MGI Comit\u00ea Executivo do PGD<\/p>\n","protected":false},"author":181,"featured_media":0,"parent":10,"menu_order":0,"comment_status":"closed","ping_status":"closed","template":"","meta":{"footnotes":""},"class_list":["post-546","page","type-page","status-publish","hentry"],"_links":{"self":[{"href":"https:\/\/www.progep.ufpb.br\/pgd\/wp-json\/wp\/v2\/pages\/546","targetHints":{"allow":["GET"]}}],"collection":[{"href":"https:\/\/www.progep.ufpb.br\/pgd\/wp-json\/wp\/v2\/pages"}],"about":[{"href":"https:\/\/www.progep.ufpb.br\/pgd\/wp-json\/wp\/v2\/types\/page"}],"author":[{"embeddable":true,"href":"https:\/\/www.progep.ufpb.br\/pgd\/wp-json\/wp\/v2\/users\/181"}],"replies":[{"embeddable":true,"href":"https:\/\/www.progep.ufpb.br\/pgd\/wp-json\/wp\/v2\/comments?post=546"}],"version-history":[{"count":3,"href":"https:\/\/www.progep.ufpb.br\/pgd\/wp-json\/wp\/v2\/pages\/546\/revisions"}],"predecessor-version":[{"id":550,"href":"https:\/\/www.progep.ufpb.br\/pgd\/wp-json\/wp\/v2\/pages\/546\/revisions\/550"}],"up":[{"embeddable":true,"href":"https:\/\/www.progep.ufpb.br\/pgd\/wp-json\/wp\/v2\/pages\/10"}],"wp:attachment":[{"href":"https:\/\/www.progep.ufpb.br\/pgd\/wp-json\/wp\/v2\/media?parent=546"}],"curies":[{"name":"wp","href":"https:\/\/api.w.org\/{rel}","templated":true}]}}