{"id":249,"date":"2024-03-22T23:19:08","date_gmt":"2024-03-22T23:19:08","guid":{"rendered":"https:\/\/www.progep.ufpb.br\/pgd2\/?page_id=249"},"modified":"2025-02-07T18:42:50","modified_gmt":"2025-02-07T21:42:50","slug":"videos-3","status":"publish","type":"page","link":"https:\/\/www.progep.ufpb.br\/pgd\/videos-3\/","title":{"rendered":"V\u00eddeos"},"content":{"rendered":"\n<ul class=\"wp-block-list\">\n<li><strong>O Admir\u00e1vel Mundo do Teletrabalho no Setor P\u00fablico<\/strong> &#8211; Voltado ao tema do teletrabalho integral e parcial, uma s\u00e9rie de&nbsp;v\u00eddeos curtinhos, dicas e pr\u00e1ticas experimentadas,&nbsp;simples e escal\u00e1veis, com base em evid\u00eancias, para voc\u00ea aprender e compartilhar na sua rotina de trabalho! Produzido pelo LA-BORA! Gov.<\/li>\n<\/ul>\n\n\n\n<figure class=\"wp-block-embed is-type-video is-provider-youtube wp-block-embed-youtube wp-embed-aspect-16-9 wp-has-aspect-ratio\"><div class=\"wp-block-embed__wrapper\">\n<iframe loading=\"lazy\" title=\"Apresenta\u00e7\u00e3o: &quot;O admir\u00e1vel mundo do teletrabalho no setor p\u00fablico&quot;\" width=\"500\" height=\"281\" src=\"https:\/\/www.youtube.com\/embed\/iO9vCWrgDZA?feature=oembed\" frameborder=\"0\" allow=\"accelerometer; autoplay; clipboard-write; encrypted-media; gyroscope; picture-in-picture; web-share\" referrerpolicy=\"strict-origin-when-cross-origin\" allowfullscreen><\/iframe>\n<\/div><\/figure>\n\n\n\n<p>Link para todos os v\u00eddeos: <a href=\"https:\/\/www.gov.br\/servidor\/pt-br\/assuntos\/laboragov\/curadoria-tematica\/o-admiravel-mundo-do-teletrabalho-no-setor-publico\/o-admiravel-mundo-do-teletrabalho-no-setor-publico\" data-type=\"link\" data-id=\"https:\/\/www.gov.br\/servidor\/pt-br\/assuntos\/laboragov\/curadoria-tematica\/o-admiravel-mundo-do-teletrabalho-no-setor-publico\/o-admiravel-mundo-do-teletrabalho-no-setor-publico\">https:\/\/www.gov.br\/servidor\/pt-br\/assuntos\/laboragov\/curadoria-tematica\/o-admiravel-mundo-do-teletrabalho-no-setor-publico\/o-admiravel-mundo-do-teletrabalho-no-setor-publico<\/a><\/p>\n\n\n\n<ul class=\"wp-block-list\">\n<li><strong>Sistema Polare<\/strong>:<\/li>\n<\/ul>\n\n\n\n<figure class=\"wp-block-embed is-type-video is-provider-youtube wp-block-embed-youtube wp-embed-aspect-16-9 wp-has-aspect-ratio\"><div class=\"wp-block-embed__wrapper\">\n<iframe loading=\"lazy\" title=\"Polare - Completo\" width=\"500\" height=\"281\" src=\"https:\/\/www.youtube.com\/embed\/zjQP_aBpnbM?list=PL40pn0eg_dT7RLDjvb0IOq3TADOcinmI3\" frameborder=\"0\" allow=\"accelerometer; autoplay; clipboard-write; encrypted-media; gyroscope; picture-in-picture; web-share\" referrerpolicy=\"strict-origin-when-cross-origin\" allowfullscreen><\/iframe>\n<\/div><\/figure>\n\n\n\n<p>Link para todos os v\u00eddeos: <a href=\"https:\/\/www.youtube.com\/watch?v=zjQP_aBpnbM&amp;list=PL40pn0eg_dT7RLDjvb0IOq3TADOcinmI3\">https:\/\/www.youtube.com\/watch?v=zjQP_aBpnbM&amp;list=PL40pn0eg_dT7RLDjvb0IOq3TADOcinmI3<\/a><\/p>\n","protected":false},"excerpt":{"rendered":"<p>Link para todos os v\u00eddeos: https:\/\/www.gov.br\/servidor\/pt-br\/assuntos\/laboragov\/curadoria-tematica\/o-admiravel-mundo-do-teletrabalho-no-setor-publico\/o-admiravel-mundo-do-teletrabalho-no-setor-publico Link para todos os v\u00eddeos: https:\/\/www.youtube.com\/watch?v=zjQP_aBpnbM&amp;list=PL40pn0eg_dT7RLDjvb0IOq3TADOcinmI3<\/p>\n","protected":false},"author":47,"featured_media":0,"parent":0,"menu_order":0,"comment_status":"closed","ping_status":"closed","template":"","meta":{"footnotes":""},"class_list":["post-249","page","type-page","status-publish","hentry"],"_links":{"self":[{"href":"https:\/\/www.progep.ufpb.br\/pgd\/wp-json\/wp\/v2\/pages\/249","targetHints":{"allow":["GET"]}}],"collection":[{"href":"https:\/\/www.progep.ufpb.br\/pgd\/wp-json\/wp\/v2\/pages"}],"about":[{"href":"https:\/\/www.progep.ufpb.br\/pgd\/wp-json\/wp\/v2\/types\/page"}],"author":[{"embeddable":true,"href":"https:\/\/www.progep.ufpb.br\/pgd\/wp-json\/wp\/v2\/users\/47"}],"replies":[{"embeddable":true,"href":"https:\/\/www.progep.ufpb.br\/pgd\/wp-json\/wp\/v2\/comments?post=249"}],"version-history":[{"count":7,"href":"https:\/\/www.progep.ufpb.br\/pgd\/wp-json\/wp\/v2\/pages\/249\/revisions"}],"predecessor-version":[{"id":474,"href":"https:\/\/www.progep.ufpb.br\/pgd\/wp-json\/wp\/v2\/pages\/249\/revisions\/474"}],"wp:attachment":[{"href":"https:\/\/www.progep.ufpb.br\/pgd\/wp-json\/wp\/v2\/media?parent=249"}],"curies":[{"name":"wp","href":"https:\/\/api.w.org\/{rel}","templated":true}]}}