{"id":173,"date":"2024-03-15T00:25:24","date_gmt":"2024-03-15T00:25:24","guid":{"rendered":"https:\/\/www.progep.ufpb.br\/pgd2\/?page_id=173"},"modified":"2025-12-16T12:16:20","modified_gmt":"2025-12-16T15:16:20","slug":"manuais","status":"publish","type":"page","link":"https:\/\/www.progep.ufpb.br\/pgd\/manuais\/","title":{"rendered":"Manuais"},"content":{"rendered":"\n<p><a href=\"https:\/\/www.progep.ufpb.br\/pgd\/wp-content\/uploads\/sites\/142\/sites\/143\/2025\/12\/Manual-de-Adesao-ao-Programa-de-Gestao-e-Desempenho-Detalhado.pdf\" data-type=\"link\" data-id=\"https:\/\/www.progep.ufpb.br\/pgd\/wp-content\/uploads\/sites\/142\/sites\/143\/2025\/12\/Manual-de-Adesao-ao-Programa-de-Gestao-e-Desempenho-Detalhado.pdf\" target=\"_blank\" rel=\"noreferrer noopener\">Manual Ades\u00e3o ao PGD<\/a><\/p>\n\n\n\n<p><a href=\"https:\/\/docs.google.com\/document\/d\/1uNb7iH719jygmW4x8C593pXwI6jxdb9pmcB1F0gOW-0\/edit?usp=sharing\" target=\"_blank\" rel=\"noreferrer noopener\">Modelo Despacho Comiss\u00e3o Pr\u00e9via<\/a><\/p>\n\n\n\n<p><a href=\"https:\/\/docs.google.com\/document\/d\/1EMzQHyZSLLs3o3JOXMyy-0i6vdP8oQRL\/edit?usp=sharing&amp;ouid=101736604984583829871&amp;rtpof=true&amp;sd=true\" target=\"_blank\" rel=\"noreferrer noopener\">Modelo documentos para processo de valida\u00e7\u00e3o \u2013 Anexos Portaria GR 144-2024<\/a><\/p>\n\n\n\n<p><a href=\"https:\/\/docs.google.com\/document\/d\/136nQU79IO5PZ7QZmVJHVYrJZBLCIb5il\/edit?usp=sharing&amp;ouid=101736604984583829871&amp;rtpof=true&amp;sd=true\" target=\"_blank\" rel=\"noreferrer noopener\">Modelo Plano Gerencial<\/a><\/p>\n\n\n\n<p><a href=\"https:\/\/docs.google.com\/document\/d\/1DGSIVQztL82zW9ehBm1idCkBlfyj14Fb\/edit?usp=sharing&amp;ouid=101736604984583829871&amp;rtpof=true&amp;sd=true\" target=\"_blank\" rel=\"noreferrer noopener\">Modelo Escala de Trabalho<\/a><\/p>\n\n\n\n<p><a href=\"https:\/\/docs.google.com\/document\/d\/1wI7wv1YhKLiNkGCmsiW97q6oDKW8PYCWf-uqgleSOVI\/edit?usp=drive_link\" target=\"_blank\" rel=\"noreferrer noopener\"><strong>Requerimento Aux\u00edlio Transporte &#8211; Atualiza\u00e7\u00e3o do benef\u00edcio (PGD)<\/strong><\/a><\/p>\n\n\n\n<p><a href=\"http:\/\/www.progep.ufpb.br\/pgd\/wp-content\/uploads\/sites\/142\/sites\/143\/2024\/04\/feed.png\" target=\"_blank\" rel=\"noreferrer noopener\">Logo PGD-UFPB<\/a><\/p>\n\n\n\n<figure class=\"wp-block-image size-full is-resized\"><img loading=\"lazy\" decoding=\"async\" width=\"512\" height=\"512\" src=\"http:\/\/www.progep.ufpb.br\/pgd\/wp-content\/uploads\/sites\/142\/sites\/143\/2024\/02\/cropped-PGD.png\" alt=\"\" class=\"wp-image-126\" style=\"width:138px;height:auto\" srcset=\"https:\/\/www.progep.ufpb.br\/pgd\/wp-content\/uploads\/sites\/142\/sites\/143\/2024\/02\/cropped-PGD.png 512w, https:\/\/www.progep.ufpb.br\/pgd\/wp-content\/uploads\/sites\/142\/sites\/143\/2024\/02\/cropped-PGD-300x300.png 300w, https:\/\/www.progep.ufpb.br\/pgd\/wp-content\/uploads\/sites\/142\/sites\/143\/2024\/02\/cropped-PGD-150x150.png 150w, https:\/\/www.progep.ufpb.br\/pgd\/wp-content\/uploads\/sites\/142\/sites\/143\/2024\/02\/cropped-PGD-270x270.png 270w, https:\/\/www.progep.ufpb.br\/pgd\/wp-content\/uploads\/sites\/142\/sites\/143\/2024\/02\/cropped-PGD-192x192.png 192w, https:\/\/www.progep.ufpb.br\/pgd\/wp-content\/uploads\/sites\/142\/sites\/143\/2024\/02\/cropped-PGD-180x180.png 180w, https:\/\/www.progep.ufpb.br\/pgd\/wp-content\/uploads\/sites\/142\/sites\/143\/2024\/02\/cropped-PGD-32x32.png 32w\" sizes=\"auto, (max-width: 512px) 100vw, 512px\" \/><\/figure>\n\n\n\n<p><\/p>\n\n\n\n<h1 class=\"wp-block-heading\"><strong>Links \u00fateis<\/strong><\/h1>\n\n\n\n<p><a href=\"https:\/\/polare.ufpb.br\/polare\/login\" target=\"_blank\" rel=\"noreferrer noopener\">Polare<\/a><\/p>\n\n\n\n<p><a href=\"https:\/\/www.progesp.ufrn.br\/storage\/documentos\/Q0LI0tDbiLDtOVBEVJESgcMHc1F4njOH8kSdgOm0.pdf\" target=\"_blank\" rel=\"noreferrer noopener\">Manual Polare<\/a><\/p>\n\n\n\n<p><a href=\"https:\/\/www.progep.ufpb.br\/pgd\/relatorio-de-avaliacao-do-projeto-piloto-do-pgd-ufpb\/\" target=\"_blank\" rel=\"noreferrer noopener\">Relat\u00f3rio de Avalia\u00e7\u00e3o do Projeto Piloto do PGD-UFPB<\/a><\/p>\n\n\n\n<p><a href=\"https:\/\/www.gov.br\/servidor\/pt-br\/assuntos\/programa-de-gestao\" target=\"_blank\" rel=\"noreferrer noopener\">Programa de Gest\u00e3o e Desempenho \u2013 MGI<\/a><\/p>\n\n\n\n<p><a href=\"https:\/\/www.gov.br\/servidor\/pt-br\/assuntos\/programa-de-gestao\/painelimplementacaopgd\" target=\"_blank\" rel=\"noreferrer noopener\">Painel de implementa\u00e7\u00e3o do PGD \u2013 MGI<\/a><\/p>\n\n\n\n<p><a href=\"https:\/\/www.gov.br\/servidor\/pt-br\/assuntos\/programa-de-gestao\/nova-in-2023\/comite-executivo-do-pgd\" target=\"_blank\" rel=\"noreferrer noopener\">Comit\u00ea Executivo do PGD<\/a><\/p>\n","protected":false},"excerpt":{"rendered":"<p>Manual Ades\u00e3o ao PGD Modelo Despacho Comiss\u00e3o Pr\u00e9via Modelo documentos para processo de valida\u00e7\u00e3o \u2013 Anexos Portaria GR 144-2024 Modelo Plano Gerencial Modelo Escala de Trabalho Requerimento Aux\u00edlio Transporte &#8211; Atualiza\u00e7\u00e3o do benef\u00edcio (PGD) Logo PGD-UFPB Links \u00fateis Polare Manual Polare Relat\u00f3rio de Avalia\u00e7\u00e3o do Projeto Piloto do PGD-UFPB Programa de Gest\u00e3o e Desempenho \u2013 [&hellip;]<\/p>\n","protected":false},"author":47,"featured_media":0,"parent":0,"menu_order":0,"comment_status":"closed","ping_status":"closed","template":"","meta":{"footnotes":""},"class_list":["post-173","page","type-page","status-publish","hentry"],"_links":{"self":[{"href":"https:\/\/www.progep.ufpb.br\/pgd\/wp-json\/wp\/v2\/pages\/173","targetHints":{"allow":["GET"]}}],"collection":[{"href":"https:\/\/www.progep.ufpb.br\/pgd\/wp-json\/wp\/v2\/pages"}],"about":[{"href":"https:\/\/www.progep.ufpb.br\/pgd\/wp-json\/wp\/v2\/types\/page"}],"author":[{"embeddable":true,"href":"https:\/\/www.progep.ufpb.br\/pgd\/wp-json\/wp\/v2\/users\/47"}],"replies":[{"embeddable":true,"href":"https:\/\/www.progep.ufpb.br\/pgd\/wp-json\/wp\/v2\/comments?post=173"}],"version-history":[{"count":29,"href":"https:\/\/www.progep.ufpb.br\/pgd\/wp-json\/wp\/v2\/pages\/173\/revisions"}],"predecessor-version":[{"id":741,"href":"https:\/\/www.progep.ufpb.br\/pgd\/wp-json\/wp\/v2\/pages\/173\/revisions\/741"}],"wp:attachment":[{"href":"https:\/\/www.progep.ufpb.br\/pgd\/wp-json\/wp\/v2\/media?parent=173"}],"curies":[{"name":"wp","href":"https:\/\/api.w.org\/{rel}","templated":true}]}}