{"id":171,"date":"2024-03-15T00:25:11","date_gmt":"2024-03-15T00:25:11","guid":{"rendered":"https:\/\/www.progep.ufpb.br\/pgd2\/?page_id=171"},"modified":"2025-12-05T08:38:56","modified_gmt":"2025-12-05T11:38:56","slug":"documentos","status":"publish","type":"page","link":"https:\/\/www.progep.ufpb.br\/pgd\/documentos\/","title":{"rendered":"Documentos"},"content":{"rendered":"\n<p>Documentos necess\u00e1rios \u00e0 instru\u00e7\u00e3o processual para a ades\u00e3o ao Programa de Gest\u00e3o e Desempenho.<\/p>\n\n\n\n<p><\/p>\n\n\n\n<ul class=\"wp-block-list\">\n<li><a href=\"https:\/\/docs.google.com\/document\/d\/1EMzQHyZSLLs3o3JOXMyy-0i6vdP8oQRL\/edit?usp=sharing&amp;ouid=101736604984583829871&amp;rtpof=true&amp;sd=true\" target=\"_blank\" rel=\"noreferrer noopener\">Modelo documentos para processo de valida\u00e7\u00e3o \u2013 Anexos Portaria GR 144-2024<\/a><\/li>\n\n\n\n<li><a href=\"https:\/\/docs.google.com\/document\/d\/1uNb7iH719jygmW4x8C593pXwI6jxdb9pmcB1F0gOW-0\/edit?usp=sharing\" target=\"_blank\" rel=\"noreferrer noopener\">Modelo Despacho Comiss\u00e3o Pr\u00e9via<\/a><\/li>\n\n\n\n<li><a href=\"https:\/\/docs.google.com\/document\/d\/136nQU79IO5PZ7QZmVJHVYrJZBLCIb5il\/edit?usp=sharing&amp;ouid=101736604984583829871&amp;rtpof=true&amp;sd=true\" target=\"_blank\" rel=\"noreferrer noopener\">Modelo Plano Gerencial<\/a><\/li>\n\n\n\n<li><a href=\"https:\/\/docs.google.com\/document\/d\/1DGSIVQztL82zW9ehBm1idCkBlfyj14Fb\/edit?usp=sharing&amp;ouid=101736604984583829871&amp;rtpof=true&amp;sd=true\" target=\"_blank\" rel=\"noreferrer noopener\">Modelo Escala de Trabalho<\/a><\/li>\n\n\n\n<li><a href=\"http:\/\/www.progep.ufpb.br\/pgd\/wp-content\/uploads\/sites\/142\/sites\/143\/2024\/04\/feed.png\" target=\"_blank\" rel=\"noreferrer noopener\">Logo PGD-UFPB<\/a><\/li>\n\n\n\n<li><a href=\"http:\/\/www.progep.ufpb.br\/pgd\/wp-content\/uploads\/sites\/142\/sites\/143\/2025\/02\/Portaria-GR-144-2024-alterada-pela-Portaria-28-2025.pdf\" target=\"_blank\" rel=\"noreferrer noopener\">Portaria GR 144-2024 alterada pela Portaria 28-2025<\/a>&nbsp;Vers\u00e3o compilada com as altera\u00e7\u00f5es.<\/li>\n\n\n\n<li><strong><a href=\"https:\/\/boletim.sigepe.gov.br\/publicacao\/detalhar\/326461\" target=\"_blank\" rel=\"noreferrer noopener\"><strong><\/strong><\/a><strong><a href=\"http:\/\/www.progep.ufpb.br\/pgd\/wp-content\/uploads\/sites\/142\/sites\/143\/2025\/04\/Portaria-DGDUFPB-no-30-2025-Alterada-pela-63-2025-Compilada.pdf\" target=\"_blank\" rel=\"noreferrer noopener\">Portaria DGD\/UFPB n\u00ba 30, de 4 de fevereiro de 2025<\/a><\/strong>&nbsp;<\/strong>Institui normas complementares, estabelece prazos e procedimentos operacionais para o Programa de Gest\u00e3o e Desempenho (PGD) da Universidade Federal da Para\u00edba \u2013 UFPB.<\/li>\n<\/ul>\n\n\n\n<p><\/p>\n","protected":false},"excerpt":{"rendered":"<p>Documentos necess\u00e1rios \u00e0 instru\u00e7\u00e3o processual para a ades\u00e3o ao Programa de Gest\u00e3o e Desempenho.<\/p>\n","protected":false},"author":47,"featured_media":0,"parent":0,"menu_order":0,"comment_status":"closed","ping_status":"closed","template":"","meta":{"footnotes":""},"class_list":["post-171","page","type-page","status-publish","hentry"],"_links":{"self":[{"href":"https:\/\/www.progep.ufpb.br\/pgd\/wp-json\/wp\/v2\/pages\/171","targetHints":{"allow":["GET"]}}],"collection":[{"href":"https:\/\/www.progep.ufpb.br\/pgd\/wp-json\/wp\/v2\/pages"}],"about":[{"href":"https:\/\/www.progep.ufpb.br\/pgd\/wp-json\/wp\/v2\/types\/page"}],"author":[{"embeddable":true,"href":"https:\/\/www.progep.ufpb.br\/pgd\/wp-json\/wp\/v2\/users\/47"}],"replies":[{"embeddable":true,"href":"https:\/\/www.progep.ufpb.br\/pgd\/wp-json\/wp\/v2\/comments?post=171"}],"version-history":[{"count":20,"href":"https:\/\/www.progep.ufpb.br\/pgd\/wp-json\/wp\/v2\/pages\/171\/revisions"}],"predecessor-version":[{"id":734,"href":"https:\/\/www.progep.ufpb.br\/pgd\/wp-json\/wp\/v2\/pages\/171\/revisions\/734"}],"wp:attachment":[{"href":"https:\/\/www.progep.ufpb.br\/pgd\/wp-json\/wp\/v2\/media?parent=171"}],"curies":[{"name":"wp","href":"https:\/\/api.w.org\/{rel}","templated":true}]}}