{"id":15,"date":"2024-01-31T18:18:36","date_gmt":"2024-01-31T18:18:36","guid":{"rendered":"https:\/\/www.progep.ufpb.br\/pgd2\/?page_id=15"},"modified":"2026-01-08T12:59:32","modified_gmt":"2026-01-08T15:59:32","slug":"adesao-pgd","status":"publish","type":"page","link":"https:\/\/www.progep.ufpb.br\/pgd\/adesao-pgd\/","title":{"rendered":"Ades\u00e3o PGD"},"content":{"rendered":"\n<p><\/p>\n\n\n\n<p>Conforme estabelecido no Art. 36 da <strong><a href=\"https:\/\/www.progep.ufpb.br\/pgd\/wp-content\/uploads\/sites\/142\/sites\/143\/2025\/02\/Portaria-GR-144-2024-alterada-pela-Portaria-28-2025.pdf\" data-type=\"link\" data-id=\"https:\/\/www.progep.ufpb.br\/pgd\/wp-content\/uploads\/sites\/142\/sites\/143\/2025\/02\/Portaria-GR-144-2024-alterada-pela-Portaria-28-2025.pdf\" target=\"_blank\" rel=\"noreferrer noopener\">Portaria GR\/UFPB n\u00ba 144, de 21 de outubro de 2024<\/a><\/strong>, s\u00e3o requisitos para instru\u00e7\u00e3o do processo de ades\u00e3o ao PGD:<\/p>\n\n\n\n<ul class=\"wp-block-list\">\n<li>Comprovante de cadastro do Plano de Entregas da Unidade (Plano Gerencial) no Polare;<\/li>\n\n\n\n<li>Comprovante de cadastro do Plano de Trabalho do Participante (Plano Individual) no Polare;<\/li>\n\n\n\n<li>TCR assinado por cada participante da unidade e sua chefia imediata;<\/li>\n\n\n\n<li>Termo de autoriza\u00e7\u00e3o do dirigente da unidade;<\/li>\n\n\n\n<li>Certificado de participa\u00e7\u00e3o da chefia imediata e substituta nos cursos de forma\u00e7\u00e3o para o PGD-UFPB conforme <a href=\"https:\/\/www.progep.ufpb.br\/pgd\/trilhas-de-aprendizagem\/\" data-type=\"page\" data-id=\"14\">Trilhas de Aprendizagem<\/a>;<\/li>\n\n\n\n<li>Comprovante de valida\u00e7\u00e3o do dimensionamento da for\u00e7a de trabalho (SISDIP), referente ao \u00faltimo per\u00edodo estabelecido pela PROGEP-UFPB;<\/li>\n<\/ul>\n\n\n\n<p>Leia a <strong><a href=\"https:\/\/boletim.sigepe.gov.br\/publicacao\/detalhar\/326461\" target=\"_blank\" rel=\"noreferrer noopener\">Portaria DGD\/UFPB n\u00ba 30, de 4 de fevereiro de 2025<\/a><\/strong>\u00a0 e confira o <strong><a href=\"https:\/\/www.progep.ufpb.br\/pgd\/wp-content\/uploads\/sites\/142\/sites\/143\/2025\/12\/Manual-de-Adesao-ao-Programa-de-Gestao-e-Desempenho-Detalhado.pdf\" target=\"_blank\" rel=\"noreferrer noopener\">Manual de Ades\u00e3o ao PGD-UFPB<\/a><\/strong> e o <a href=\"https:\/\/www.progesp.ufrn.br\/storage\/documentos\/Q0LI0tDbiLDtOVBEVJESgcMHc1F4njOH8kSdgOm0.pdf\" target=\"_blank\" rel=\"noreferrer noopener\">Manual Polare<\/a> para mais detalhes.<\/p>\n\n\n\n<p><strong>Modelos:<\/strong><\/p>\n\n\n\n<p><a href=\"https:\/\/docs.google.com\/document\/d\/1uNb7iH719jygmW4x8C593pXwI6jxdb9pmcB1F0gOW-0\/edit?usp=sharing\" target=\"_blank\" rel=\"noreferrer noopener\">Modelo Despacho Comiss\u00e3o Pr\u00e9via<\/a><\/p>\n\n\n\n<p><a href=\"https:\/\/docs.google.com\/document\/d\/1EMzQHyZSLLs3o3JOXMyy-0i6vdP8oQRL\/edit?usp=sharing&amp;ouid=101736604984583829871&amp;rtpof=true&amp;sd=true\" target=\"_blank\" rel=\"noreferrer noopener\">Modelo documentos para processo de valida\u00e7\u00e3o \u2013 Anexos Portaria GR 144-2024<\/a><\/p>\n\n\n\n<p><a href=\"https:\/\/docs.google.com\/document\/d\/136nQU79IO5PZ7QZmVJHVYrJZBLCIb5il\/edit?usp=sharing&amp;ouid=101736604984583829871&amp;rtpof=true&amp;sd=true\" target=\"_blank\" rel=\"noreferrer noopener\">Modelo Plano Gerencial<\/a><\/p>\n\n\n\n<p><a href=\"https:\/\/docs.google.com\/document\/d\/1DGSIVQztL82zW9ehBm1idCkBlfyj14Fb\/edit?usp=sharing&amp;ouid=101736604984583829871&amp;rtpof=true&amp;sd=true\" target=\"_blank\" rel=\"noreferrer noopener\">Modelo Escala de Trabalho<\/a><\/p>\n\n\n\n<div class=\"wp-block-file\"><a id=\"wp-block-file--media-755ea84d-b9d6-480b-9f1d-d9718ee73126\" href=\"http:\/\/www.progep.ufpb.br\/pgd\/wp-content\/uploads\/sites\/142\/sites\/143\/2024\/04\/feed.png\" target=\"_blank\" rel=\"noreferrer noopener\">Logo PGD-UFPB<\/a><a href=\"http:\/\/www.progep.ufpb.br\/pgd\/wp-content\/uploads\/sites\/142\/sites\/143\/2024\/04\/feed.png\" class=\"wp-block-file__button wp-element-button\" download aria-describedby=\"wp-block-file--media-755ea84d-b9d6-480b-9f1d-d9718ee73126\">Baixar<\/a><\/div>\n\n\n\n<p><\/p>\n","protected":false},"excerpt":{"rendered":"<p>Conforme estabelecido no Art. 36 da Portaria GR\/UFPB n\u00ba 144, de 21 de outubro de 2024, s\u00e3o requisitos para instru\u00e7\u00e3o do processo de ades\u00e3o ao PGD: Leia a Portaria DGD\/UFPB n\u00ba 30, de 4 de fevereiro de 2025\u00a0 e confira o Manual de Ades\u00e3o ao PGD-UFPB e o Manual Polare para mais detalhes. Modelos: Modelo [&hellip;]<\/p>\n","protected":false},"author":63,"featured_media":0,"parent":0,"menu_order":0,"comment_status":"closed","ping_status":"closed","template":"","meta":{"footnotes":""},"class_list":["post-15","page","type-page","status-publish","hentry"],"_links":{"self":[{"href":"https:\/\/www.progep.ufpb.br\/pgd\/wp-json\/wp\/v2\/pages\/15","targetHints":{"allow":["GET"]}}],"collection":[{"href":"https:\/\/www.progep.ufpb.br\/pgd\/wp-json\/wp\/v2\/pages"}],"about":[{"href":"https:\/\/www.progep.ufpb.br\/pgd\/wp-json\/wp\/v2\/types\/page"}],"author":[{"embeddable":true,"href":"https:\/\/www.progep.ufpb.br\/pgd\/wp-json\/wp\/v2\/users\/63"}],"replies":[{"embeddable":true,"href":"https:\/\/www.progep.ufpb.br\/pgd\/wp-json\/wp\/v2\/comments?post=15"}],"version-history":[{"count":25,"href":"https:\/\/www.progep.ufpb.br\/pgd\/wp-json\/wp\/v2\/pages\/15\/revisions"}],"predecessor-version":[{"id":763,"href":"https:\/\/www.progep.ufpb.br\/pgd\/wp-json\/wp\/v2\/pages\/15\/revisions\/763"}],"wp:attachment":[{"href":"https:\/\/www.progep.ufpb.br\/pgd\/wp-json\/wp\/v2\/media?parent=15"}],"curies":[{"name":"wp","href":"https:\/\/api.w.org\/{rel}","templated":true}]}}