{"id":12,"date":"2024-01-31T18:18:36","date_gmt":"2024-01-31T18:18:36","guid":{"rendered":"https:\/\/www.progep.ufpb.br\/pgd2\/?page_id=12"},"modified":"2025-10-20T11:24:22","modified_gmt":"2025-10-20T14:24:22","slug":"paineis-bi","status":"publish","type":"page","link":"https:\/\/www.progep.ufpb.br\/pgd\/paineis-bi\/","title":{"rendered":"Pain\u00e9is"},"content":{"rendered":"\n<div class=\"wp-block-columns is-layout-flex wp-container-core-columns-is-layout-9d6595d7 wp-block-columns-is-layout-flex\">\n<div class=\"wp-block-column is-layout-flow wp-block-column-is-layout-flow\">\n<figure class=\"wp-block-image size-large\"><a href=\"https:\/\/drive.google.com\/drive\/folders\/1G-1jq4sLJ1DhAxOSvsjuzr4s6zyQHbDE?usp=sharing\" target=\"_blank\" rel=\" noreferrer noopener\"><img decoding=\"async\" src=\"http:\/\/www.progep.ufpb.br\/pgd\/wp-content\/uploads\/sites\/142\/sites\/143\/2025\/07\/EQUIPES-DE-TRABAHO.png\" alt=\"\" style=\"aspect-ratio:1;object-fit:cover\" \/><\/a><figcaption class=\"wp-element-caption\">Listas das equipes em PGD.<\/figcaption><\/figure>\n<\/div>\n\n\n\n<div class=\"wp-block-column is-layout-flow wp-block-column-is-layout-flow\">\n<figure class=\"wp-block-image size-large\"><a href=\"https:\/\/drive.google.com\/drive\/folders\/1AAMpt6cMNyvXZ4iQ6rQR5YInbarSV6xD?usp=sharing\" target=\"_blank\" rel=\" noreferrer noopener\"><img loading=\"lazy\" decoding=\"async\" width=\"1024\" height=\"1024\" src=\"http:\/\/www.progep.ufpb.br\/pgd\/wp-content\/uploads\/sites\/142\/sites\/143\/2024\/04\/75-1024x1024.png\" alt=\"\" class=\"wp-image-297\" srcset=\"https:\/\/www.progep.ufpb.br\/pgd\/wp-content\/uploads\/sites\/142\/sites\/143\/2024\/04\/75-1024x1024.png 1024w, https:\/\/www.progep.ufpb.br\/pgd\/wp-content\/uploads\/sites\/142\/sites\/143\/2024\/04\/75-300x300.png 300w, https:\/\/www.progep.ufpb.br\/pgd\/wp-content\/uploads\/sites\/142\/sites\/143\/2024\/04\/75-150x150.png 150w, https:\/\/www.progep.ufpb.br\/pgd\/wp-content\/uploads\/sites\/142\/sites\/143\/2024\/04\/75-768x768.png 768w, https:\/\/www.progep.ufpb.br\/pgd\/wp-content\/uploads\/sites\/142\/sites\/143\/2024\/04\/75.png 1080w\" sizes=\"auto, (max-width: 1024px) 100vw, 1024px\" \/><\/a><figcaption class=\"wp-element-caption\">Planilha de dados do Programa de Gest\u00e3o e Desempenho da UFPB.<\/figcaption><\/figure>\n\n\n\n<p><a href=\"https:\/\/www.gov.br\/servidor\/pt-br\/assuntos\/programa-de-gestao\/paineis-de-transparencia\" target=\"_blank\" rel=\"noreferrer noopener\">Pain\u00e9is PGD &#8211; Gov.br<\/a><\/p>\n\n\n\n<p>Informa\u00e7\u00f5es referente ades\u00e3o ao PGD na administra\u00e7\u00e3o p\u00fablica federal.<\/p>\n<\/div>\n\n\n\n<div class=\"wp-block-column is-layout-flow wp-block-column-is-layout-flow\">\n<figure class=\"wp-block-image size-large\"><a href=\"https:\/\/polare.ufpb.br\/publico\/relatorio-entregas\/search\" target=\"_blank\" rel=\"relatorios noopener\"><img loading=\"lazy\" decoding=\"async\" width=\"1024\" height=\"1024\" src=\"http:\/\/www.progep.ufpb.br\/pgd\/wp-content\/uploads\/sites\/142\/sites\/143\/2024\/07\/Copia-de-PROGEP-1024x1024.jpg\" alt=\"\" class=\"wp-image-419\" srcset=\"https:\/\/www.progep.ufpb.br\/pgd\/wp-content\/uploads\/sites\/142\/sites\/143\/2024\/07\/Copia-de-PROGEP-1024x1024.jpg 1024w, https:\/\/www.progep.ufpb.br\/pgd\/wp-content\/uploads\/sites\/142\/sites\/143\/2024\/07\/Copia-de-PROGEP-300x300.jpg 300w, https:\/\/www.progep.ufpb.br\/pgd\/wp-content\/uploads\/sites\/142\/sites\/143\/2024\/07\/Copia-de-PROGEP-150x150.jpg 150w, https:\/\/www.progep.ufpb.br\/pgd\/wp-content\/uploads\/sites\/142\/sites\/143\/2024\/07\/Copia-de-PROGEP-768x768.jpg 768w, https:\/\/www.progep.ufpb.br\/pgd\/wp-content\/uploads\/sites\/142\/sites\/143\/2024\/07\/Copia-de-PROGEP.jpg 1080w\" sizes=\"auto, (max-width: 1024px) 100vw, 1024px\" \/><\/a><figcaption class=\"wp-element-caption\">Relat\u00f3rios de entregas de acesso p\u00fablico no Polare.<\/figcaption><\/figure>\n\n\n\n<p><a href=\"https:\/\/drive.google.com\/drive\/folders\/1YcGFHkOGbM7jrqr6MhjH7P3mJi858I3v?usp=sharing\" target=\"_blank\" rel=\"noreferrer noopener\">Relat\u00f3rios Projeto Piloto<\/a><\/p>\n\n\n\n<p>Relat\u00f3rios de entregas quantitativos e qualitativos elaborados pelas unidades.<\/p>\n<\/div>\n<\/div>\n\n\n\n<div class=\"wp-block-group\"><div class=\"wp-block-group__inner-container is-layout-constrained wp-block-group-is-layout-constrained\">\n<div class=\"wp-block-columns are-vertically-aligned-bottom is-layout-flex wp-container-core-columns-is-layout-9d6595d7 wp-block-columns-is-layout-flex\">\n<div class=\"wp-block-column is-vertically-aligned-bottom is-layout-flow wp-block-column-is-layout-flow\" style=\"flex-basis:100%\">\n<div class=\"wp-block-group is-nowrap is-layout-flex wp-container-core-group-is-layout-ad2f72ca wp-block-group-is-layout-flex\">\n<div class=\"wp-block-group wp-container-content-9cfa9a5a\"><div class=\"wp-block-group__inner-container is-layout-constrained wp-block-group-is-layout-constrained\"><\/div><\/div>\n<\/div>\n<\/div>\n<\/div>\n<\/div><\/div>\n\n\n\n<p><\/p>\n","protected":false},"excerpt":{"rendered":"<p>Pain\u00e9is PGD &#8211; Gov.br Informa\u00e7\u00f5es referente ades\u00e3o ao PGD na administra\u00e7\u00e3o p\u00fablica federal. Relat\u00f3rios Projeto Piloto Relat\u00f3rios de entregas quantitativos e qualitativos elaborados pelas unidades.<\/p>\n","protected":false},"author":63,"featured_media":0,"parent":0,"menu_order":0,"comment_status":"closed","ping_status":"closed","template":"","meta":{"footnotes":""},"class_list":["post-12","page","type-page","status-publish","hentry"],"_links":{"self":[{"href":"https:\/\/www.progep.ufpb.br\/pgd\/wp-json\/wp\/v2\/pages\/12","targetHints":{"allow":["GET"]}}],"collection":[{"href":"https:\/\/www.progep.ufpb.br\/pgd\/wp-json\/wp\/v2\/pages"}],"about":[{"href":"https:\/\/www.progep.ufpb.br\/pgd\/wp-json\/wp\/v2\/types\/page"}],"author":[{"embeddable":true,"href":"https:\/\/www.progep.ufpb.br\/pgd\/wp-json\/wp\/v2\/users\/63"}],"replies":[{"embeddable":true,"href":"https:\/\/www.progep.ufpb.br\/pgd\/wp-json\/wp\/v2\/comments?post=12"}],"version-history":[{"count":27,"href":"https:\/\/www.progep.ufpb.br\/pgd\/wp-json\/wp\/v2\/pages\/12\/revisions"}],"predecessor-version":[{"id":728,"href":"https:\/\/www.progep.ufpb.br\/pgd\/wp-json\/wp\/v2\/pages\/12\/revisions\/728"}],"wp:attachment":[{"href":"https:\/\/www.progep.ufpb.br\/pgd\/wp-json\/wp\/v2\/media?parent=12"}],"curies":[{"name":"wp","href":"https:\/\/api.w.org\/{rel}","templated":true}]}}