{"id":11,"date":"2024-01-31T18:18:36","date_gmt":"2024-01-31T18:18:36","guid":{"rendered":"https:\/\/www.progep.ufpb.br\/pgd2\/?page_id=11"},"modified":"2025-12-16T12:25:52","modified_gmt":"2025-12-16T15:25:52","slug":"informativos","status":"publish","type":"page","link":"https:\/\/www.progep.ufpb.br\/pgd\/informativos\/","title":{"rendered":"Informativos"},"content":{"rendered":"\n<p>Comunica\u00e7\u00f5es emitidas pela PROGEP<\/p>\n\n\n\n<p><strong><mark style=\"background-color:#fcb900\" class=\"has-inline-color\">OF\u00cdCIOS<\/mark><\/strong><\/p>\n\n\n\n<div class=\"wp-block-file\"><a id=\"wp-block-file--media-0539b76f-c9ce-4ae3-8e4a-5b7f17190ac7\" href=\"http:\/\/www.progep.ufpb.br\/pgd\/wp-content\/uploads\/sites\/142\/sites\/143\/2025\/12\/OFICIO-CIRCULAR-No-362-2025-PROGEP-Atualizacao-Cadastral-de-Equipes-no-Sistema-SOUGOV-Perfis-Lideres.pdf\" target=\"_blank\" rel=\"noreferrer noopener\">OF\u00cdCIO CIRCULAR N\u00ba 362-2025 &#8211; PROGEP &#8211; Atualiza\u00e7\u00e3o Cadastral de Equipes no Sistema SOUGOV (Perfis L\u00edderes)<\/a><a href=\"http:\/\/www.progep.ufpb.br\/pgd\/wp-content\/uploads\/sites\/142\/sites\/143\/2025\/12\/OFICIO-CIRCULAR-No-362-2025-PROGEP-Atualizacao-Cadastral-de-Equipes-no-Sistema-SOUGOV-Perfis-Lideres.pdf\" class=\"wp-block-file__button wp-element-button\" download aria-describedby=\"wp-block-file--media-0539b76f-c9ce-4ae3-8e4a-5b7f17190ac7\">Baixar<\/a><\/div>\n\n\n\n<div class=\"wp-block-file\"><a id=\"wp-block-file--media-2d067785-095c-4592-b54a-15d22b89a091\" href=\"http:\/\/www.progep.ufpb.br\/pgd\/wp-content\/uploads\/sites\/142\/sites\/143\/2025\/12\/OFICIO-CIRCULAR-No-341-2025-PROGEP-Informacoes-e-Cronograma-de-Adesao-ao-Programa-de-Gestao-de-Desempenho-PGD-da-UFPB-para-o-Exercicio-2026.pdf\" target=\"_blank\" rel=\"noreferrer noopener\">OF\u00cdCIO CIRCULAR N\u00ba 341-2025 &#8211; PROGEP Informa\u00e7\u00f5es e Cronograma de Ades\u00e3o ao Programa de Gest\u00e3o de Desempenho (PGD) da UFPB para o Exerc\u00edcio 2026.<\/a><a href=\"http:\/\/www.progep.ufpb.br\/pgd\/wp-content\/uploads\/sites\/142\/sites\/143\/2025\/12\/OFICIO-CIRCULAR-No-341-2025-PROGEP-Informacoes-e-Cronograma-de-Adesao-ao-Programa-de-Gestao-de-Desempenho-PGD-da-UFPB-para-o-Exercicio-2026.pdf\" class=\"wp-block-file__button wp-element-button\" download aria-describedby=\"wp-block-file--media-2d067785-095c-4592-b54a-15d22b89a091\">Baixar<\/a><\/div>\n\n\n\n<div class=\"wp-block-file\"><a id=\"wp-block-file--media-21e062bd-d06b-4b18-810d-f032d9dcf050\" href=\"http:\/\/www.progep.ufpb.br\/pgd\/wp-content\/uploads\/sites\/142\/sites\/143\/2025\/12\/OFICIO-CIRCULAR-No-292-2025-PROGEP-RECESSO-DE-FINAL-DE-ANO-2025.pdf\" target=\"_blank\" rel=\"noreferrer noopener\">OF\u00cdCIO CIRCULAR N\u00ba 292-2025 &#8211; PROGEP RECESSO DE FINAL DE ANO &#8211; 2025<\/a><a href=\"http:\/\/www.progep.ufpb.br\/pgd\/wp-content\/uploads\/sites\/142\/sites\/143\/2025\/12\/OFICIO-CIRCULAR-No-292-2025-PROGEP-RECESSO-DE-FINAL-DE-ANO-2025.pdf\" class=\"wp-block-file__button wp-element-button\" download aria-describedby=\"wp-block-file--media-21e062bd-d06b-4b18-810d-f032d9dcf050\">Baixar<\/a><\/div>\n\n\n\n<div class=\"wp-block-file\"><a id=\"wp-block-file--media-8da9abde-89bb-49fe-abb8-e40536fb291f\" href=\"https:\/\/www.progep.ufpb.br\/pgd\/wp-content\/uploads\/sites\/142\/sites\/143\/2025\/07\/OFICIO-CIRCULAR-No-235-2025-PROGEP-ATUALIZACAO-DO-MANUAL-DE-ADESAO-AO-PGD-UFPB.pdf\" target=\"_blank\" rel=\"noreferrer noopener\">OF\u00cdCIO CIRCULAR N\u00ba 235-2025 &#8211; PROGEP ATUALIZA\u00c7\u00c3O DO MANUAL DE ADES\u00c3O AO PGD-UFPB<\/a><a href=\"https:\/\/www.progep.ufpb.br\/pgd\/wp-content\/uploads\/sites\/142\/sites\/143\/2025\/07\/OFICIO-CIRCULAR-No-235-2025-PROGEP-ATUALIZACAO-DO-MANUAL-DE-ADESAO-AO-PGD-UFPB.pdf\" class=\"wp-block-file__button wp-element-button\" download aria-describedby=\"wp-block-file--media-8da9abde-89bb-49fe-abb8-e40536fb291f\">Baixar<\/a><\/div>\n\n\n\n<div class=\"wp-block-file\"><a id=\"wp-block-file--media-a15c17a9-e387-4eee-bff7-0abf297fbf12\" href=\"https:\/\/www.progep.ufpb.br\/pgd\/wp-content\/uploads\/sites\/142\/sites\/143\/2025\/07\/OFICIO-CIRCULAR-No-152-2025-PROGEP-Prazos-Finalizacao-Dimensionamento.pdf\" target=\"_blank\" rel=\"noreferrer noopener\">OF\u00cdCIO CIRCULAR N\u00ba 152-2025 &#8211; PROGEP Prazos Finaliza\u00e7\u00e3o Dimensionamento<\/a><a href=\"https:\/\/www.progep.ufpb.br\/pgd\/wp-content\/uploads\/sites\/142\/sites\/143\/2025\/07\/OFICIO-CIRCULAR-No-152-2025-PROGEP-Prazos-Finalizacao-Dimensionamento.pdf\" class=\"wp-block-file__button wp-element-button\" download aria-describedby=\"wp-block-file--media-a15c17a9-e387-4eee-bff7-0abf297fbf12\">Baixar<\/a><\/div>\n\n\n\n<div class=\"wp-block-file\"><a id=\"wp-block-file--media-44de47e2-ee31-4028-b0cd-57d61ba0c01e\" href=\"http:\/\/www.progep.ufpb.br\/pgd\/wp-content\/uploads\/sites\/142\/sites\/143\/2025\/06\/OFICIO-CIRCULAR-No-128-2025-PROGEP-Alteracao-de-norma-que-regulamenta-o-PGD-UFPB.pdf\" target=\"_blank\" rel=\"noreferrer noopener\">OF\u00cdCIO CIRCULAR N\u00ba 128-2025 &#8211; PROGEP &#8211; Altera\u00e7\u00e3o de norma que regulamenta o PGD-UFPB<\/a><a href=\"http:\/\/www.progep.ufpb.br\/pgd\/wp-content\/uploads\/sites\/142\/sites\/143\/2025\/06\/OFICIO-CIRCULAR-No-128-2025-PROGEP-Alteracao-de-norma-que-regulamenta-o-PGD-UFPB.pdf\" class=\"wp-block-file__button wp-element-button\" download aria-describedby=\"wp-block-file--media-44de47e2-ee31-4028-b0cd-57d61ba0c01e\">Baixar<\/a><\/div>\n\n\n\n<div class=\"wp-block-file\"><a id=\"wp-block-file--media-bb8d88e3-fa16-4adf-8061-77592f027e47\" href=\"http:\/\/www.progep.ufpb.br\/pgd\/wp-content\/uploads\/sites\/142\/sites\/143\/2025\/02\/OFICIO-CIRCULAR-No-7-2025-PROGEP-Informacoes-complementares-Adesao-ao-PGD.pdf\" target=\"_blank\" rel=\"noreferrer noopener\">OF\u00cdCIO CIRCULAR N\u00ba 7\/2025 &#8211; PROGEP Informa\u00e7\u00f5es complementares &#8211; Ades\u00e3o ao PGD<\/a><a href=\"http:\/\/www.progep.ufpb.br\/pgd\/wp-content\/uploads\/sites\/142\/sites\/143\/2025\/02\/OFICIO-CIRCULAR-No-7-2025-PROGEP-Informacoes-complementares-Adesao-ao-PGD.pdf\" class=\"wp-block-file__button wp-element-button\" download aria-describedby=\"wp-block-file--media-bb8d88e3-fa16-4adf-8061-77592f027e47\">Baixar<\/a><\/div>\n\n\n\n<div class=\"wp-block-file\"><a id=\"wp-block-file--media-335b444c-79b6-483f-a5a3-43e92d9b40b0\" href=\"http:\/\/www.progep.ufpb.br\/pgd\/wp-content\/uploads\/sites\/142\/sites\/143\/2025\/02\/OFICIO-CIRCULAR-No-4-2025-PROGEP-Canal-de-Atendimento-Tira-Duvidas-PGD.pdf\" target=\"_blank\" rel=\"noreferrer noopener\">OF\u00cdCIO CIRCULAR N\u00ba 4\/2025 &#8211; PROGEP Canal de Atendimento Tira D\u00favidas PGD<\/a><a href=\"http:\/\/www.progep.ufpb.br\/pgd\/wp-content\/uploads\/sites\/142\/sites\/143\/2025\/02\/OFICIO-CIRCULAR-No-4-2025-PROGEP-Canal-de-Atendimento-Tira-Duvidas-PGD.pdf\" class=\"wp-block-file__button wp-element-button\" download aria-describedby=\"wp-block-file--media-335b444c-79b6-483f-a5a3-43e92d9b40b0\">Baixar<\/a><\/div>\n\n\n\n<div class=\"wp-block-file\"><a id=\"wp-block-file--media-6426c385-f8b8-4df1-8368-88c78a892185\" href=\"https:\/\/www.progep.ufpb.br\/pgd\/wp-content\/uploads\/sites\/142\/sites\/143\/2024\/11\/OFICIO-CIRCULAR-No-3472024-PROGEP.pdf\" target=\"_blank\" rel=\"noreferrer noopener\">OF\u00cdCIO CIRCULAR N\u00ba 347\/2024 &#8211; Implementa\u00e7\u00e3o do Programa de Gest\u00e3o e Desempenho na UFPB<\/a><a href=\"https:\/\/www.progep.ufpb.br\/pgd\/wp-content\/uploads\/sites\/142\/sites\/143\/2024\/11\/OFICIO-CIRCULAR-No-3472024-PROGEP.pdf\" class=\"wp-block-file__button wp-element-button\" download aria-describedby=\"wp-block-file--media-6426c385-f8b8-4df1-8368-88c78a892185\">Baixar<\/a><\/div>\n\n\n\n<div class=\"wp-block-file\"><a id=\"wp-block-file--media-49dc3c7b-780b-4cc4-ac15-8f3a2fe01c8f\" href=\"https:\/\/www.progep.ufpb.br\/pgd\/wp-content\/uploads\/sites\/142\/sites\/143\/2024\/09\/Oficio-Eletronico-Avaliacao-PGD-e-Convocacao.pdf\" target=\"_blank\" rel=\"noreferrer noopener\">Of\u00edcio Eletr\u00f4nico N\u00ba 291\/2024 &#8211; Avalia\u00e7\u00e3o do Programa de Gest\u00e3o e Desempenho e convoca\u00e7\u00e3o para o I Semin\u00e1rio de Avalia\u00e7\u00e3o do Projeto Piloto do PGD<\/a><a href=\"https:\/\/www.progep.ufpb.br\/pgd\/wp-content\/uploads\/sites\/142\/sites\/143\/2024\/09\/Oficio-Eletronico-Avaliacao-PGD-e-Convocacao.pdf\" class=\"wp-block-file__button wp-element-button\" download aria-describedby=\"wp-block-file--media-49dc3c7b-780b-4cc4-ac15-8f3a2fe01c8f\">Baixar<\/a><\/div>\n\n\n\n<div class=\"wp-block-file\"><a id=\"wp-block-file--media-30f75b55-6fce-4f07-8856-3b6219d1a5b8\" href=\"https:\/\/www.progep.ufpb.br\/pgd\/wp-content\/uploads\/sites\/142\/sites\/143\/2024\/08\/Oficio-Eletronico-Prorrogacao-PGD-1.pdf\" target=\"_blank\" rel=\"noreferrer noopener\">Of\u00edcio Circular N\u00ba 261\/2024 &#8211; Comunicado Prorroga\u00e7\u00e3o Projeto Piloto PGD<\/a><a href=\"https:\/\/www.progep.ufpb.br\/pgd\/wp-content\/uploads\/sites\/142\/sites\/143\/2024\/08\/Oficio-Eletronico-Prorrogacao-PGD-1.pdf\" class=\"wp-block-file__button wp-element-button\" download aria-describedby=\"wp-block-file--media-30f75b55-6fce-4f07-8856-3b6219d1a5b8\">Baixar<\/a><\/div>\n\n\n\n<div class=\"wp-block-file\"><a id=\"wp-block-file--media-070bb04a-005a-4a71-a791-3332b0973c4e\" href=\"https:\/\/www.progep.ufpb.br\/pgd\/wp-content\/uploads\/sites\/142\/sites\/143\/2024\/05\/Oficio-Eletronico-195-2024-Cronograma-de-analise-de-processos-para-adesao-ao-PGD-unidades-projeto-piloto.pdf\" target=\"_blank\" rel=\"noreferrer noopener\">Oficio Eletr\u00f4nico N\u00ba 195\/2024-Cronograma-de-analise-de-processos-para-adesao-ao-PGD-unidades-projeto-piloto<br><\/a><a href=\"https:\/\/www.progep.ufpb.br\/pgd\/wp-content\/uploads\/sites\/142\/sites\/143\/2024\/05\/Oficio-Eletronico-195-2024-Cronograma-de-analise-de-processos-para-adesao-ao-PGD-unidades-projeto-piloto.pdf\" class=\"wp-block-file__button wp-element-button\" download aria-describedby=\"wp-block-file--media-070bb04a-005a-4a71-a791-3332b0973c4e\">Baixar<\/a><\/div>\n\n\n\n<p><strong><mark style=\"background-color:#fcb900\" class=\"has-inline-color has-black-color\">NOT\u00cdCIAS<\/mark><\/strong><\/p>\n\n\n\n<p><a href=\"https:\/\/progep.ufpb.br\/progep\/contents\/noticias\/acoes-da-progep-para-implantacao-do-pgd\" target=\"_blank\" rel=\"noreferrer noopener\">A\u00e7\u00f5es da PROGEP para implanta\u00e7\u00e3o do PGD<\/a><\/p>\n\n\n\n<p><a href=\"https:\/\/progep.ufpb.br\/progep\/contents\/noticias\/normas-para-adesao-ao-pgd-portaria-ndeg-28-2025\" target=\"_blank\" rel=\"noreferrer noopener\">Normas para ades\u00e3o ao PGD &#8211; Portaria N\u00b0 28\/2025<\/a><\/p>\n\n\n\n<p><a href=\"https:\/\/www.ufpb.br\/ufpb\/contents\/noticias\/ufpb-inicia-formacao-com-gestores-da-progep-e-da-sti-sobre-programa-de-gestao-e-desempenho\" target=\"_blank\" rel=\"noreferrer noopener\">UFPB inicia forma\u00e7\u00e3o com gestores da Progep e da STI sobre Programa de Gest\u00e3o e Desempenho<\/a><\/p>\n\n\n\n<p><a href=\"https:\/\/www.ufpb.br\/ufpb\/contents\/noticias\/ufpb-define-cronograma-para-implementacao-do-programa-de-gestao-e-desempenho\" target=\"_blank\" rel=\"noreferrer noopener\">UFPB define cronograma para implementa\u00e7\u00e3o do Programa de Gest\u00e3o e Desempenho<\/a><\/p>\n\n\n\n<p><a href=\"https:\/\/progep.ufpb.br\/progep\/contents\/noticias\/ufpb-implanta-projeto-piloto-do-programa-de-gestao-e-desempenho-2013-pgd\" target=\"_blank\" rel=\"noreferrer noopener\">UFPB implanta projeto piloto do Programa de Gest\u00e3o e Desempenho \u2013&nbsp;PGD<\/a><\/p>\n\n\n\n<p><a href=\"https:\/\/progep.ufpb.br\/progep\/contents\/noticias\/progep-realiza-visitas-tecnicas-a-ufcg-e-ufpe\" target=\"_blank\" rel=\"noreferrer noopener\">Progep realiza visitas t\u00e9cnicas \u00e0 UFCG e UFPE<\/a><\/p>\n\n\n\n<p><a href=\"https:\/\/progep.ufpb.br\/progep\/contents\/noticias\/reuniao-de-gestores-aborda-dimensionamento-da-forca-de-trabalho-e-programa-de-gestao-e-desempenho-na-ufpb\" target=\"_blank\" rel=\"noreferrer noopener\">Reuni\u00e3o de Gestores aborda Dimensionamento da For\u00e7a de Trabalho e Programa de Gest\u00e3o e Desempenho na UFPB<\/a><\/p>\n\n\n\n<p><a href=\"https:\/\/progep.ufpb.br\/progep\/contents\/noticias\/progep-participa-de-forum-nacional-de-pro-reitores-de-gestao-de-pessoas-em-sergipe\" target=\"_blank\" rel=\"noreferrer noopener\">Progep participa de F\u00f3rum Nacional de Pr\u00f3-Reitores de Gest\u00e3o de Pessoas de 2023 em Sergipe<\/a><\/p>\n\n\n\n<h1 class=\"wp-block-heading\"><strong><mark style=\"background-color:#fcb900\" class=\"has-inline-color\">Links \u00fateis<\/mark><\/strong><\/h1>\n\n\n\n<p><a href=\"https:\/\/polare.ufpb.br\/polare\/login\" target=\"_blank\" rel=\"noreferrer noopener\">Polare<\/a><\/p>\n\n\n\n<p><a href=\"https:\/\/www.progesp.ufrn.br\/storage\/documentos\/Q0LI0tDbiLDtOVBEVJESgcMHc1F4njOH8kSdgOm0.pdf\" target=\"_blank\" rel=\"noreferrer noopener\">Manual Polare<\/a><\/p>\n\n\n\n<p><a href=\"https:\/\/www.progep.ufpb.br\/pgd\/relatorio-de-avaliacao-do-projeto-piloto-do-pgd-ufpb\/\" target=\"_blank\" rel=\"noreferrer noopener\">Relat\u00f3rio de Avalia\u00e7\u00e3o do Projeto Piloto do PGD-UFPB<\/a><\/p>\n\n\n\n<p><a href=\"https:\/\/www.gov.br\/servidor\/pt-br\/assuntos\/programa-de-gestao\" target=\"_blank\" rel=\"noreferrer noopener\">Programa de Gest\u00e3o e Desempenho \u2013 MGI<\/a><\/p>\n\n\n\n<p><a href=\"https:\/\/www.gov.br\/servidor\/pt-br\/assuntos\/programa-de-gestao\/painelimplementacaopgd\" target=\"_blank\" rel=\"noreferrer noopener\">Painel de implementa\u00e7\u00e3o do PGD \u2013 MGI<\/a><\/p>\n\n\n\n<p><a href=\"https:\/\/www.gov.br\/servidor\/pt-br\/assuntos\/programa-de-gestao\/nova-in-2023\/comite-executivo-do-pgd\" target=\"_blank\" rel=\"noreferrer noopener\">Comit\u00ea Executivo do PGD<\/a><\/p>\n","protected":false},"excerpt":{"rendered":"<p>Comunica\u00e7\u00f5es emitidas pela PROGEP OF\u00cdCIOS NOT\u00cdCIAS A\u00e7\u00f5es da PROGEP para implanta\u00e7\u00e3o do PGD Normas para ades\u00e3o ao PGD &#8211; Portaria N\u00b0 28\/2025 UFPB inicia forma\u00e7\u00e3o com gestores da Progep e da STI sobre Programa de Gest\u00e3o e Desempenho UFPB define cronograma para implementa\u00e7\u00e3o do Programa de Gest\u00e3o e Desempenho UFPB implanta projeto piloto do Programa [&hellip;]<\/p>\n","protected":false},"author":63,"featured_media":0,"parent":0,"menu_order":0,"comment_status":"closed","ping_status":"closed","template":"","meta":{"footnotes":""},"class_list":["post-11","page","type-page","status-publish","hentry"],"_links":{"self":[{"href":"https:\/\/www.progep.ufpb.br\/pgd\/wp-json\/wp\/v2\/pages\/11","targetHints":{"allow":["GET"]}}],"collection":[{"href":"https:\/\/www.progep.ufpb.br\/pgd\/wp-json\/wp\/v2\/pages"}],"about":[{"href":"https:\/\/www.progep.ufpb.br\/pgd\/wp-json\/wp\/v2\/types\/page"}],"author":[{"embeddable":true,"href":"https:\/\/www.progep.ufpb.br\/pgd\/wp-json\/wp\/v2\/users\/63"}],"replies":[{"embeddable":true,"href":"https:\/\/www.progep.ufpb.br\/pgd\/wp-json\/wp\/v2\/comments?post=11"}],"version-history":[{"count":21,"href":"https:\/\/www.progep.ufpb.br\/pgd\/wp-json\/wp\/v2\/pages\/11\/revisions"}],"predecessor-version":[{"id":746,"href":"https:\/\/www.progep.ufpb.br\/pgd\/wp-json\/wp\/v2\/pages\/11\/revisions\/746"}],"wp:attachment":[{"href":"https:\/\/www.progep.ufpb.br\/pgd\/wp-json\/wp\/v2\/media?parent=11"}],"curies":[{"name":"wp","href":"https:\/\/api.w.org\/{rel}","templated":true}]}}