{"id":10,"date":"2024-01-31T18:18:36","date_gmt":"2024-01-31T18:18:36","guid":{"rendered":"https:\/\/www.progep.ufpb.br\/pgd2\/?page_id=10"},"modified":"2025-02-07T18:42:49","modified_gmt":"2025-02-07T21:42:49","slug":"apresentacao-pgd","status":"publish","type":"page","link":"https:\/\/www.progep.ufpb.br\/pgd\/apresentacao-pgd\/","title":{"rendered":"Apresenta\u00e7\u00e3o"},"content":{"rendered":"\n<p>O Programa de Gest\u00e3o e Desempenho &#8211; PGD \u00e9 uma ferramenta de gest\u00e3o que disciplina o desenvolvimento e a mensura\u00e7\u00e3o das atividades realizadas pelos seus participantes, com foco na entrega por resultados e na qualidade dos servi\u00e7os prestados \u00e0 sociedade.&nbsp;<\/p>\n\n\n\n<p>No \u00e2mbito da Universidade Federal da Para\u00edba, o PGD teve sua regulamenta\u00e7\u00e3o inicial com a <strong>Portaria n\u00ba 49, de 11 de abril de 2024<\/strong> que instituiu o Projeto Piloto, em conson\u00e2ncia com a Instru\u00e7\u00e3o Normativa n\u00ba 24 do Minist\u00e9rio da Gest\u00e3o e Inova\u00e7\u00e3o em Servi\u00e7os P\u00fablicos, possibilita alternativas de trabalho relacionando as atividades dos servidores \u00e0s entregas das unidades que refletem as estrat\u00e9gias da institui\u00e7\u00e3o.<\/p>\n\n\n\n<p>Atualmente o PGD est\u00e1 regulamentado atrav\u00e9s da <a href=\"https:\/\/boletim.sigepe.gov.br\/publicacao\/detalhar\/304449\" target=\"_blank\" rel=\"noreferrer noopener\">Portaria GR\/UFPB n\u00ba 143, de 21 de outubro de 2024<\/a>, que autoriza a institui\u00e7\u00e3o do Programa de Gest\u00e3o e Desempenho (PGD) na Universidade Federal da Para\u00edba e por meio da <a href=\"https:\/\/www.progep.ufpb.br\/pgd\/wp-content\/uploads\/sites\/142\/sites\/143\/2025\/02\/Portaria-GR-144-2024-alterada-pela-Portaria-28-2025.pdf\" data-type=\"link\" data-id=\"https:\/\/www.progep.ufpb.br\/pgd\/wp-content\/uploads\/sites\/142\/sites\/143\/2025\/02\/Portaria-GR-144-2024-alterada-pela-Portaria-28-2025.pdf\" target=\"_blank\" rel=\"noreferrer noopener\">Portaria GR\/UFPB n\u00ba 144, de 21 de outubro de 2024<\/a>, alterada pela <a href=\"https:\/\/boletim.sigepe.gov.br\/publicacao\/detalhar\/326242\" target=\"_blank\" rel=\"noreferrer noopener\"><strong>Portaria SEGAB\/UFPB n\u00ba 28, de 4 de fevereiro de 2025<\/strong><\/a>, que institui o Programa de Gest\u00e3o e Desempenho (PGD) para o exerc\u00edcio de atividades que ser\u00e3o avaliadas em fun\u00e7\u00e3o da efetividade e da qualidade das entregas.<\/p>\n\n\n\n<p>Contamos ainda com a <strong><a href=\"https:\/\/boletim.sigepe.gov.br\/publicacao\/detalhar\/326461\" target=\"_blank\" rel=\"noreferrer noopener\">Portaria DGD\/UFPB n\u00ba 30, de 4 de fevereiro de 2025<\/a><\/strong>&nbsp;que institui normas complementares, estabelece prazos e procedimentos operacionais para o Programa de Gest\u00e3o e Desempenho (PGD) da Universidade Federal da Para\u00edba \u2013 UFPB.<\/p>\n\n\n\n<p>O sistema utilizado para gerenciar as entregas do PGD \u00e9 o <em><strong>Polare<\/strong><\/em>. Para acess\u00e1-lo, utilize o link: <a href=\"https:\/\/polare.ufpb.br\/polare\/home\">https:\/\/polare.ufpb.br\/polare\/home<\/a><\/p>\n\n\n\n<p><\/p>\n\n\n\n<figure class=\"wp-block-image size-large\"><img loading=\"lazy\" decoding=\"async\" width=\"1024\" height=\"576\" src=\"http:\/\/www.progep.ufpb.br\/pgd\/wp-content\/uploads\/sites\/142\/sites\/143\/2025\/02\/Linha-do-tempo-PGD-2025-1024x576.jpg\" alt=\"\" class=\"wp-image-570\" srcset=\"https:\/\/www.progep.ufpb.br\/pgd\/wp-content\/uploads\/sites\/142\/sites\/143\/2025\/02\/Linha-do-tempo-PGD-2025-1024x576.jpg 1024w, https:\/\/www.progep.ufpb.br\/pgd\/wp-content\/uploads\/sites\/142\/sites\/143\/2025\/02\/Linha-do-tempo-PGD-2025-300x169.jpg 300w, https:\/\/www.progep.ufpb.br\/pgd\/wp-content\/uploads\/sites\/142\/sites\/143\/2025\/02\/Linha-do-tempo-PGD-2025-768x432.jpg 768w, https:\/\/www.progep.ufpb.br\/pgd\/wp-content\/uploads\/sites\/142\/sites\/143\/2025\/02\/Linha-do-tempo-PGD-2025-1536x864.jpg 1536w, https:\/\/www.progep.ufpb.br\/pgd\/wp-content\/uploads\/sites\/142\/sites\/143\/2025\/02\/Linha-do-tempo-PGD-2025.jpg 1920w\" sizes=\"auto, (max-width: 1024px) 100vw, 1024px\" \/><\/figure>\n\n\n\n<p><\/p>\n\n\n\n<p><\/p>\n","protected":false},"excerpt":{"rendered":"<p>O Programa de Gest\u00e3o e Desempenho &#8211; PGD \u00e9 uma ferramenta de gest\u00e3o que disciplina o desenvolvimento e a mensura\u00e7\u00e3o das atividades realizadas pelos seus participantes, com foco na entrega por resultados e na qualidade dos servi\u00e7os prestados \u00e0 sociedade.\u00a0<\/p>\n","protected":false},"author":63,"featured_media":508,"parent":0,"menu_order":0,"comment_status":"closed","ping_status":"closed","template":"","meta":{"footnotes":""},"class_list":["post-10","page","type-page","status-publish","has-post-thumbnail","hentry"],"_links":{"self":[{"href":"https:\/\/www.progep.ufpb.br\/pgd\/wp-json\/wp\/v2\/pages\/10","targetHints":{"allow":["GET"]}}],"collection":[{"href":"https:\/\/www.progep.ufpb.br\/pgd\/wp-json\/wp\/v2\/pages"}],"about":[{"href":"https:\/\/www.progep.ufpb.br\/pgd\/wp-json\/wp\/v2\/types\/page"}],"author":[{"embeddable":true,"href":"https:\/\/www.progep.ufpb.br\/pgd\/wp-json\/wp\/v2\/users\/63"}],"replies":[{"embeddable":true,"href":"https:\/\/www.progep.ufpb.br\/pgd\/wp-json\/wp\/v2\/comments?post=10"}],"version-history":[{"count":22,"href":"https:\/\/www.progep.ufpb.br\/pgd\/wp-json\/wp\/v2\/pages\/10\/revisions"}],"predecessor-version":[{"id":572,"href":"https:\/\/www.progep.ufpb.br\/pgd\/wp-json\/wp\/v2\/pages\/10\/revisions\/572"}],"wp:featuredmedia":[{"embeddable":true,"href":"https:\/\/www.progep.ufpb.br\/pgd\/wp-json\/wp\/v2\/media\/508"}],"wp:attachment":[{"href":"https:\/\/www.progep.ufpb.br\/pgd\/wp-json\/wp\/v2\/media?parent=10"}],"curies":[{"name":"wp","href":"https:\/\/api.w.org\/{rel}","templated":true}]}}